{"id":16,"date":"2023-09-06T13:09:00","date_gmt":"2023-09-06T11:09:00","guid":{"rendered":"https:\/\/www.prk-yhtiot.fi\/?page_id=16"},"modified":"2024-07-16T10:06:50","modified_gmt":"2024-07-16T08:06:50","slug":"palvelut","status":"publish","type":"page","link":"https:\/\/www.prk-yhtiot.fi\/index.php\/palvelut\/","title":{"rendered":"Palvelut"},"content":{"rendered":"\t\t<div data-elementor-type=\"wp-page\" data-elementor-id=\"16\" class=\"elementor elementor-16\">\n\t\t\t\t\t\t<section class=\"elementor-section elementor-top-section elementor-element elementor-element-17fe986 elementor-section-boxed elementor-section-height-default elementor-section-height-default\" data-id=\"17fe986\" data-element_type=\"section\" data-settings=\"{&quot;background_background&quot;:&quot;classic&quot;}\">\n\t\t\t\t\t\t\t<div class=\"elementor-background-overlay\"><\/div>\n\t\t\t\t\t\t\t<div class=\"elementor-container elementor-column-gap-default\">\n\t\t\t\t\t<div class=\"elementor-column elementor-col-100 elementor-top-column elementor-element elementor-element-0046426\" data-id=\"0046426\" data-element_type=\"column\">\n\t\t\t<div class=\"elementor-widget-wrap elementor-element-populated\">\n\t\t\t\t\t\t<div class=\"elementor-element elementor-element-60be884 elementor-widget elementor-widget-heading\" data-id=\"60be884\" data-element_type=\"widget\" data-widget_type=\"heading.default\">\n\t\t\t\t<div class=\"elementor-widget-container\">\n\t\t\t\t\t<h2 class=\"elementor-heading-title elementor-size-default\">PALVELUT<\/h2>\t\t\t\t<\/div>\n\t\t\t\t<\/div>\n\t\t\t\t\t<\/div>\n\t\t<\/div>\n\t\t\t\t\t<\/div>\n\t\t<\/section>\n\t\t\t\t<section class=\"elementor-section elementor-top-section elementor-element elementor-element-77dd5d6 elementor-section-boxed elementor-section-height-default elementor-section-height-default\" data-id=\"77dd5d6\" data-element_type=\"section\">\n\t\t\t\t\t\t<div class=\"elementor-container elementor-column-gap-default\">\n\t\t\t\t\t<div class=\"elementor-column elementor-col-100 elementor-top-column elementor-element elementor-element-7aaa0f6\" data-id=\"7aaa0f6\" data-element_type=\"column\">\n\t\t\t<div class=\"elementor-widget-wrap elementor-element-populated\">\n\t\t\t\t\t\t<div class=\"elementor-element elementor-element-a036e0c gallery-spacing-custom elementor-widget elementor-widget-image-gallery\" data-id=\"a036e0c\" data-element_type=\"widget\" data-widget_type=\"image-gallery.default\">\n\t\t\t\t<div class=\"elementor-widget-container\">\n\t\t\t\t\t\t\t<div class=\"elementor-image-gallery\">\n\t\t\t<div id='gallery-1' class='gallery galleryid-16 gallery-columns-6 gallery-size-ocean-thumb-m'><figure class='gallery-item'>\n\t\t\t<div class='gallery-icon portrait'>\n\t\t\t\t<a data-elementor-open-lightbox=\"yes\" data-elementor-lightbox-slideshow=\"a036e0c\" data-e-action-hash=\"#elementor-action%3Aaction%3Dlightbox%26settings%3DeyJpZCI6MjY3LCJ1cmwiOiJodHRwczpcL1wvd3d3LnByay15aHRpb3QuZmlcL3dwLWNvbnRlbnRcL3VwbG9hZHNcLzIwMjNcLzA5XC8xMy5qcGciLCJzbGlkZXNob3ciOiJhMDM2ZTBjIn0%3D\" href='https:\/\/www.prk-yhtiot.fi\/wp-content\/uploads\/2023\/09\/13.jpg'><img fetchpriority=\"high\" width=\"600\" height=\"600\" src=\"https:\/\/www.prk-yhtiot.fi\/wp-content\/uploads\/2023\/09\/13-600x600.jpg\" class=\"attachment-ocean-thumb-m size-ocean-thumb-m\" alt=\"\" decoding=\"async\" srcset=\"https:\/\/www.prk-yhtiot.fi\/wp-content\/uploads\/2023\/09\/13-600x600.jpg 600w, https:\/\/www.prk-yhtiot.fi\/wp-content\/uploads\/2023\/09\/13-150x150.jpg 150w\" sizes=\"(max-width: 600px) 100vw, 600px\" \/><\/a>\n\t\t\t<\/div><\/figure><figure class='gallery-item'>\n\t\t\t<div class='gallery-icon portrait'>\n\t\t\t\t<a data-elementor-open-lightbox=\"yes\" data-elementor-lightbox-slideshow=\"a036e0c\" data-e-action-hash=\"#elementor-action%3Aaction%3Dlightbox%26settings%3DeyJpZCI6MjY5LCJ1cmwiOiJodHRwczpcL1wvd3d3LnByay15aHRpb3QuZmlcL3dwLWNvbnRlbnRcL3VwbG9hZHNcLzIwMjNcLzA5XC8xNi5qcGciLCJzbGlkZXNob3ciOiJhMDM2ZTBjIn0%3D\" href='https:\/\/www.prk-yhtiot.fi\/wp-content\/uploads\/2023\/09\/16.jpg'><img width=\"600\" height=\"600\" src=\"https:\/\/www.prk-yhtiot.fi\/wp-content\/uploads\/2023\/09\/16-600x600.jpg\" class=\"attachment-ocean-thumb-m size-ocean-thumb-m\" alt=\"\" decoding=\"async\" srcset=\"https:\/\/www.prk-yhtiot.fi\/wp-content\/uploads\/2023\/09\/16-600x600.jpg 600w, https:\/\/www.prk-yhtiot.fi\/wp-content\/uploads\/2023\/09\/16-150x150.jpg 150w\" sizes=\"(max-width: 600px) 100vw, 600px\" \/><\/a>\n\t\t\t<\/div><\/figure><figure class='gallery-item'>\n\t\t\t<div class='gallery-icon portrait'>\n\t\t\t\t<a data-elementor-open-lightbox=\"yes\" data-elementor-lightbox-slideshow=\"a036e0c\" data-e-action-hash=\"#elementor-action%3Aaction%3Dlightbox%26settings%3DeyJpZCI6MjY0LCJ1cmwiOiJodHRwczpcL1wvd3d3LnByay15aHRpb3QuZmlcL3dwLWNvbnRlbnRcL3VwbG9hZHNcLzIwMjNcLzA5XC8xMC5qcGciLCJzbGlkZXNob3ciOiJhMDM2ZTBjIn0%3D\" href='https:\/\/www.prk-yhtiot.fi\/wp-content\/uploads\/2023\/09\/10.jpg'><img width=\"600\" height=\"600\" src=\"https:\/\/www.prk-yhtiot.fi\/wp-content\/uploads\/2023\/09\/10-600x600.jpg\" class=\"attachment-ocean-thumb-m size-ocean-thumb-m\" alt=\"\" decoding=\"async\" srcset=\"https:\/\/www.prk-yhtiot.fi\/wp-content\/uploads\/2023\/09\/10-600x600.jpg 600w, https:\/\/www.prk-yhtiot.fi\/wp-content\/uploads\/2023\/09\/10-150x150.jpg 150w\" sizes=\"(max-width: 600px) 100vw, 600px\" \/><\/a>\n\t\t\t<\/div><\/figure><figure class='gallery-item'>\n\t\t\t<div class='gallery-icon portrait'>\n\t\t\t\t<a data-elementor-open-lightbox=\"yes\" data-elementor-lightbox-slideshow=\"a036e0c\" data-e-action-hash=\"#elementor-action%3Aaction%3Dlightbox%26settings%3DeyJpZCI6MjYxLCJ1cmwiOiJodHRwczpcL1wvd3d3LnByay15aHRpb3QuZmlcL3dwLWNvbnRlbnRcL3VwbG9hZHNcLzIwMjNcLzA5XC83LmpwZyIsInNsaWRlc2hvdyI6ImEwMzZlMGMifQ%3D%3D\" href='https:\/\/www.prk-yhtiot.fi\/wp-content\/uploads\/2023\/09\/7.jpg'><img loading=\"lazy\" width=\"600\" height=\"600\" src=\"https:\/\/www.prk-yhtiot.fi\/wp-content\/uploads\/2023\/09\/7-600x600.jpg\" class=\"attachment-ocean-thumb-m size-ocean-thumb-m\" alt=\"\" decoding=\"async\" srcset=\"https:\/\/www.prk-yhtiot.fi\/wp-content\/uploads\/2023\/09\/7-600x600.jpg 600w, https:\/\/www.prk-yhtiot.fi\/wp-content\/uploads\/2023\/09\/7-150x150.jpg 150w\" sizes=\"(max-width: 600px) 100vw, 600px\" \/><\/a>\n\t\t\t<\/div><\/figure><figure class='gallery-item'>\n\t\t\t<div class='gallery-icon portrait'>\n\t\t\t\t<a data-elementor-open-lightbox=\"yes\" data-elementor-lightbox-slideshow=\"a036e0c\" data-e-action-hash=\"#elementor-action%3Aaction%3Dlightbox%26settings%3DeyJpZCI6MjY2LCJ1cmwiOiJodHRwczpcL1wvd3d3LnByay15aHRpb3QuZmlcL3dwLWNvbnRlbnRcL3VwbG9hZHNcLzIwMjNcLzA5XC8xMi5qcGciLCJzbGlkZXNob3ciOiJhMDM2ZTBjIn0%3D\" href='https:\/\/www.prk-yhtiot.fi\/wp-content\/uploads\/2023\/09\/12.jpg'><img loading=\"lazy\" width=\"600\" height=\"600\" src=\"https:\/\/www.prk-yhtiot.fi\/wp-content\/uploads\/2023\/09\/12-600x600.jpg\" class=\"attachment-ocean-thumb-m size-ocean-thumb-m\" alt=\"\" decoding=\"async\" srcset=\"https:\/\/www.prk-yhtiot.fi\/wp-content\/uploads\/2023\/09\/12-600x600.jpg 600w, https:\/\/www.prk-yhtiot.fi\/wp-content\/uploads\/2023\/09\/12-150x150.jpg 150w\" sizes=\"(max-width: 600px) 100vw, 600px\" \/><\/a>\n\t\t\t<\/div><\/figure><figure class='gallery-item'>\n\t\t\t<div class='gallery-icon portrait'>\n\t\t\t\t<a data-elementor-open-lightbox=\"yes\" data-elementor-lightbox-slideshow=\"a036e0c\" data-e-action-hash=\"#elementor-action%3Aaction%3Dlightbox%26settings%3DeyJpZCI6MjcwLCJ1cmwiOiJodHRwczpcL1wvd3d3LnByay15aHRpb3QuZmlcL3dwLWNvbnRlbnRcL3VwbG9hZHNcLzIwMjNcLzA5XC8xNy5qcGciLCJzbGlkZXNob3ciOiJhMDM2ZTBjIn0%3D\" href='https:\/\/www.prk-yhtiot.fi\/wp-content\/uploads\/2023\/09\/17.jpg'><img loading=\"lazy\" width=\"600\" height=\"600\" src=\"https:\/\/www.prk-yhtiot.fi\/wp-content\/uploads\/2023\/09\/17-600x600.jpg\" class=\"attachment-ocean-thumb-m size-ocean-thumb-m\" alt=\"\" decoding=\"async\" srcset=\"https:\/\/www.prk-yhtiot.fi\/wp-content\/uploads\/2023\/09\/17-600x600.jpg 600w, https:\/\/www.prk-yhtiot.fi\/wp-content\/uploads\/2023\/09\/17-150x150.jpg 150w\" sizes=\"(max-width: 600px) 100vw, 600px\" \/><\/a>\n\t\t\t<\/div><\/figure>\n\t\t<\/div>\n\t\t<\/div>\n\t\t\t\t\t\t<\/div>\n\t\t\t\t<\/div>\n\t\t\t\t<section class=\"elementor-section elementor-inner-section elementor-element elementor-element-76a7953 elementor-section-boxed elementor-section-height-default elementor-section-height-default\" data-id=\"76a7953\" data-element_type=\"section\">\n\t\t\t\t\t\t<div class=\"elementor-container elementor-column-gap-default\">\n\t\t\t\t\t<div class=\"elementor-column elementor-col-100 elementor-inner-column elementor-element elementor-element-f0de414\" data-id=\"f0de414\" data-element_type=\"column\">\n\t\t\t<div class=\"elementor-widget-wrap elementor-element-populated\">\n\t\t\t\t\t\t<div class=\"elementor-element elementor-element-385ccef elementor-widget elementor-widget-heading\" data-id=\"385ccef\" data-element_type=\"widget\" data-widget_type=\"heading.default\">\n\t\t\t\t<div class=\"elementor-widget-container\">\n\t\t\t\t\t<h2 class=\"elementor-heading-title elementor-size-default\">PRK-Yhti\u00f6t on betoni- ja runkorakentamisen moniosaaja.<\/h2>\t\t\t\t<\/div>\n\t\t\t\t<\/div>\n\t\t\t\t<div class=\"elementor-element elementor-element-48e749b elementor-widget elementor-widget-text-editor\" data-id=\"48e749b\" data-element_type=\"widget\" data-widget_type=\"text-editor.default\">\n\t\t\t\t<div class=\"elementor-widget-container\">\n\t\t\t\t\t\t\t\t\t<p><strong> Kattaviin betoni- ja runkorakentamisen palveluihimme kuuluvat muun muassa:<\/strong><\/p>\t\t\t\t\t\t\t\t<\/div>\n\t\t\t\t<\/div>\n\t\t\t\t<div class=\"elementor-element elementor-element-63ec001 elementor-icon-list--layout-traditional elementor-list-item-link-full_width elementor-widget elementor-widget-icon-list\" data-id=\"63ec001\" data-element_type=\"widget\" data-widget_type=\"icon-list.default\">\n\t\t\t\t<div class=\"elementor-widget-container\">\n\t\t\t\t\t\t\t<ul class=\"elementor-icon-list-items\">\n\t\t\t\t\t\t\t<li class=\"elementor-icon-list-item\">\n\t\t\t\t\t\t\t\t\t\t\t<span class=\"elementor-icon-list-icon\">\n\t\t\t\t\t\t\t<i aria-hidden=\"true\" class=\"fas fa-check\"><\/i>\t\t\t\t\t\t<\/span>\n\t\t\t\t\t\t\t\t\t\t<span class=\"elementor-icon-list-text\">Pystysaumaukset ja vaakasaumaukset pystysaumapumpulla<\/span>\n\t\t\t\t\t\t\t\t\t<\/li>\n\t\t\t\t\t\t\t\t<li class=\"elementor-icon-list-item\">\n\t\t\t\t\t\t\t\t\t\t\t<span class=\"elementor-icon-list-icon\">\n\t\t\t\t\t\t\t<i aria-hidden=\"true\" class=\"fas fa-check\"><\/i>\t\t\t\t\t\t<\/span>\n\t\t\t\t\t\t\t\t\t\t<span class=\"elementor-icon-list-text\">Ontelokenttien juotokset<\/span>\n\t\t\t\t\t\t\t\t\t<\/li>\n\t\t\t\t\t\t\t\t<li class=\"elementor-icon-list-item\">\n\t\t\t\t\t\t\t\t\t\t\t<span class=\"elementor-icon-list-icon\">\n\t\t\t\t\t\t\t<i aria-hidden=\"true\" class=\"fas fa-check\"><\/i>\t\t\t\t\t\t<\/span>\n\t\t\t\t\t\t\t\t\t\t<span class=\"elementor-icon-list-text\">Juotosty\u00f6t<\/span>\n\t\t\t\t\t\t\t\t\t<\/li>\n\t\t\t\t\t\t\t\t<li class=\"elementor-icon-list-item\">\n\t\t\t\t\t\t\t\t\t\t\t<span class=\"elementor-icon-list-icon\">\n\t\t\t\t\t\t\t<i aria-hidden=\"true\" class=\"fas fa-check\"><\/i>\t\t\t\t\t\t<\/span>\n\t\t\t\t\t\t\t\t\t\t<span class=\"elementor-icon-list-text\">Raudoitukset<\/span>\n\t\t\t\t\t\t\t\t\t<\/li>\n\t\t\t\t\t\t\t\t<li class=\"elementor-icon-list-item\">\n\t\t\t\t\t\t\t\t\t\t\t<span class=\"elementor-icon-list-icon\">\n\t\t\t\t\t\t\t<i aria-hidden=\"true\" class=\"fas fa-check\"><\/i>\t\t\t\t\t\t<\/span>\n\t\t\t\t\t\t\t\t\t\t<span class=\"elementor-icon-list-text\">Tukety\u00f6t<\/span>\n\t\t\t\t\t\t\t\t\t<\/li>\n\t\t\t\t\t\t\t\t<li class=\"elementor-icon-list-item\">\n\t\t\t\t\t\t\t\t\t\t\t<span class=\"elementor-icon-list-icon\">\n\t\t\t\t\t\t\t<i aria-hidden=\"true\" class=\"fas fa-check\"><\/i>\t\t\t\t\t\t<\/span>\n\t\t\t\t\t\t\t\t\t\t<span class=\"elementor-icon-list-text\">Perustuksien muotit<\/span>\n\t\t\t\t\t\t\t\t\t<\/li>\n\t\t\t\t\t\t\t\t<li class=\"elementor-icon-list-item\">\n\t\t\t\t\t\t\t\t\t\t\t<span class=\"elementor-icon-list-icon\">\n\t\t\t\t\t\t\t<i aria-hidden=\"true\" class=\"fas fa-check\"><\/i>\t\t\t\t\t\t<\/span>\n\t\t\t\t\t\t\t\t\t\t<span class=\"elementor-icon-list-text\">Paikallavalut<\/span>\n\t\t\t\t\t\t\t\t\t<\/li>\n\t\t\t\t\t\t\t\t<li class=\"elementor-icon-list-item\">\n\t\t\t\t\t\t\t\t\t\t\t<span class=\"elementor-icon-list-icon\">\n\t\t\t\t\t\t\t<i aria-hidden=\"true\" class=\"fas fa-check\"><\/i>\t\t\t\t\t\t<\/span>\n\t\t\t\t\t\t\t\t\t\t<span class=\"elementor-icon-list-text\">Elementtirakenteiden raudoitteet<\/span>\n\t\t\t\t\t\t\t\t\t<\/li>\n\t\t\t\t\t\t\t\t<li class=\"elementor-icon-list-item\">\n\t\t\t\t\t\t\t\t\t\t\t<span class=\"elementor-icon-list-icon\">\n\t\t\t\t\t\t\t<i aria-hidden=\"true\" class=\"fas fa-check\"><\/i>\t\t\t\t\t\t<\/span>\n\t\t\t\t\t\t\t\t\t\t<span class=\"elementor-icon-list-text\">Elementtiasennukset<\/span>\n\t\t\t\t\t\t\t\t\t<\/li>\n\t\t\t\t\t\t\t\t<li class=\"elementor-icon-list-item\">\n\t\t\t\t\t\t\t\t\t\t\t<span class=\"elementor-icon-list-icon\">\n\t\t\t\t\t\t\t<i aria-hidden=\"true\" class=\"fas fa-check\"><\/i>\t\t\t\t\t\t<\/span>\n\t\t\t\t\t\t\t\t\t\t<span class=\"elementor-icon-list-text\">Ter\u00e4spilareiden painevalut<span style=\"font-family: Montserrat, sans-serif; font-size: 16px; font-weight: 500; text-indent: -18pt;\"><\/span><\/span>\n\t\t\t\t\t\t\t\t\t<\/li>\n\t\t\t\t\t\t<\/ul>\n\t\t\t\t\t\t<\/div>\n\t\t\t\t<\/div>\n\t\t\t\t<div class=\"elementor-element elementor-element-735862b elementor-widget elementor-widget-button\" data-id=\"735862b\" data-element_type=\"widget\" data-widget_type=\"button.default\">\n\t\t\t\t<div class=\"elementor-widget-container\">\n\t\t\t\t\t\t\t\t\t<div class=\"elementor-button-wrapper\">\n\t\t\t\t\t<a class=\"elementor-button elementor-button-link elementor-size-sm\" href=\"https:\/\/www.prk-yhtiot.fi\/index.php\/yhteystiedot\/\">\n\t\t\t\t\t\t<span class=\"elementor-button-content-wrapper\">\n\t\t\t\t\t\t\t\t\t<span class=\"elementor-button-text\">Ota yhteytt\u00e4<\/span>\n\t\t\t\t\t<\/span>\n\t\t\t\t\t<\/a>\n\t\t\t\t<\/div>\n\t\t\t\t\t\t\t\t<\/div>\n\t\t\t\t<\/div>\n\t\t\t\t\t<\/div>\n\t\t<\/div>\n\t\t\t\t\t<\/div>\n\t\t<\/section>\n\t\t\t\t\t<\/div>\n\t\t<\/div>\n\t\t\t\t\t<\/div>\n\t\t<\/section>\n\t\t\t\t<\/div>\n\t\t","protected":false},"excerpt":{"rendered":"<p>PALVELUT PRK-Yhti\u00f6t on betoni- ja runkorakentamisen moniosaaja. Kattaviin betoni- ja runkorakentamisen palveluihimme kuuluvat muun muassa: Pystysaumaukset ja vaakasaumaukset pystysaumapumpulla Ontelokenttien juotokset Juotosty\u00f6t Raudoitukset Tukety\u00f6t Perustuksien muotit Paikallavalut Elementtirakenteiden raudoitteet Elementtiasennukset Ter\u00e4spilareiden painevalut Ota yhteytt\u00e4<\/p>\n","protected":false},"author":1,"featured_media":0,"parent":0,"menu_order":0,"comment_status":"closed","ping_status":"closed","template":"elementor_header_footer","meta":{"footnotes":""},"_links":{"self":[{"href":"https:\/\/www.prk-yhtiot.fi\/index.php\/wp-json\/wp\/v2\/pages\/16"}],"collection":[{"href":"https:\/\/www.prk-yhtiot.fi\/index.php\/wp-json\/wp\/v2\/pages"}],"about":[{"href":"https:\/\/www.prk-yhtiot.fi\/index.php\/wp-json\/wp\/v2\/types\/page"}],"author":[{"embeddable":true,"href":"https:\/\/www.prk-yhtiot.fi\/index.php\/wp-json\/wp\/v2\/users\/1"}],"replies":[{"embeddable":true,"href":"https:\/\/www.prk-yhtiot.fi\/index.php\/wp-json\/wp\/v2\/comments?post=16"}],"version-history":[{"count":64,"href":"https:\/\/www.prk-yhtiot.fi\/index.php\/wp-json\/wp\/v2\/pages\/16\/revisions"}],"predecessor-version":[{"id":375,"href":"https:\/\/www.prk-yhtiot.fi\/index.php\/wp-json\/wp\/v2\/pages\/16\/revisions\/375"}],"wp:attachment":[{"href":"https:\/\/www.prk-yhtiot.fi\/index.php\/wp-json\/wp\/v2\/media?parent=16"}],"curies":[{"name":"wp","href":"https:\/\/api.w.org\/{rel}","templated":true}]}}