{"id":20,"date":"2023-09-07T13:45:00","date_gmt":"2023-09-07T11:45:00","guid":{"rendered":"https:\/\/www.prk-yhtiot.fi\/?page_id=20"},"modified":"2023-09-13T13:45:03","modified_gmt":"2023-09-13T11:45:03","slug":"laskutustiedot","status":"publish","type":"page","link":"https:\/\/www.prk-yhtiot.fi\/index.php\/laskutustiedot\/","title":{"rendered":"Laskutustiedot"},"content":{"rendered":"\t\t<div data-elementor-type=\"wp-page\" data-elementor-id=\"20\" class=\"elementor elementor-20\">\n\t\t\t\t\t\t<section class=\"elementor-section elementor-top-section elementor-element elementor-element-5f651ea elementor-section-boxed elementor-section-height-default elementor-section-height-default\" data-id=\"5f651ea\" data-element_type=\"section\" data-settings=\"{&quot;background_background&quot;:&quot;classic&quot;}\">\n\t\t\t\t\t\t\t<div class=\"elementor-background-overlay\"><\/div>\n\t\t\t\t\t\t\t<div class=\"elementor-container elementor-column-gap-default\">\n\t\t\t\t\t<div class=\"elementor-column elementor-col-100 elementor-top-column elementor-element elementor-element-38c8250\" data-id=\"38c8250\" data-element_type=\"column\">\n\t\t\t<div class=\"elementor-widget-wrap elementor-element-populated\">\n\t\t\t\t\t\t<div class=\"elementor-element elementor-element-a05a138 elementor-widget elementor-widget-heading\" data-id=\"a05a138\" data-element_type=\"widget\" data-widget_type=\"heading.default\">\n\t\t\t\t<div class=\"elementor-widget-container\">\n\t\t\t\t\t<h2 class=\"elementor-heading-title elementor-size-default\">LASKUTUSTIEDOT<\/h2>\t\t\t\t<\/div>\n\t\t\t\t<\/div>\n\t\t\t\t\t<\/div>\n\t\t<\/div>\n\t\t\t\t\t<\/div>\n\t\t<\/section>\n\t\t\t\t<section class=\"elementor-section elementor-top-section elementor-element elementor-element-ecf0b62 elementor-section-boxed elementor-section-height-default elementor-section-height-default\" data-id=\"ecf0b62\" data-element_type=\"section\">\n\t\t\t\t\t\t<div class=\"elementor-container elementor-column-gap-default\">\n\t\t\t\t\t<div class=\"elementor-column elementor-col-100 elementor-top-column elementor-element elementor-element-906846c\" data-id=\"906846c\" data-element_type=\"column\">\n\t\t\t<div class=\"elementor-widget-wrap elementor-element-populated\">\n\t\t\t\t\t\t<section class=\"elementor-section elementor-inner-section elementor-element elementor-element-fb680f4 elementor-section-boxed elementor-section-height-default elementor-section-height-default\" data-id=\"fb680f4\" data-element_type=\"section\">\n\t\t\t\t\t\t<div class=\"elementor-container elementor-column-gap-default\">\n\t\t\t\t\t<div class=\"elementor-column elementor-col-50 elementor-inner-column elementor-element elementor-element-d12bf22\" data-id=\"d12bf22\" data-element_type=\"column\">\n\t\t\t<div class=\"elementor-widget-wrap elementor-element-populated\">\n\t\t\t\t\t\t<div class=\"elementor-element elementor-element-a331121 elementor-widget elementor-widget-heading\" data-id=\"a331121\" data-element_type=\"widget\" data-widget_type=\"heading.default\">\n\t\t\t\t<div class=\"elementor-widget-container\">\n\t\t\t\t\t<h2 class=\"elementor-heading-title elementor-size-default\">Verkkolaskuna<\/h2>\t\t\t\t<\/div>\n\t\t\t\t<\/div>\n\t\t\t\t<div class=\"elementor-element elementor-element-7f1db77 elementor-widget elementor-widget-text-editor\" data-id=\"7f1db77\" data-element_type=\"widget\" data-widget_type=\"text-editor.default\">\n\t\t\t\t<div class=\"elementor-widget-container\">\n\t\t\t\t\t\t\t\t\t<p>Y-tunnus 3180303-3<br \/>Ostolaskujen vastaanotto<br \/>Verkkolaskuna 003731803033<br \/>Verkkolaskujen v\u00e4litt\u00e4j\u00e4 003708599126 (OpenText)<\/p>\t\t\t\t\t\t\t\t<\/div>\n\t\t\t\t<\/div>\n\t\t\t\t\t<\/div>\n\t\t<\/div>\n\t\t\t\t<div class=\"elementor-column elementor-col-50 elementor-inner-column elementor-element elementor-element-85149df\" data-id=\"85149df\" data-element_type=\"column\">\n\t\t\t<div class=\"elementor-widget-wrap elementor-element-populated\">\n\t\t\t\t\t\t<div class=\"elementor-element elementor-element-b04efea elementor-widget elementor-widget-heading\" data-id=\"b04efea\" data-element_type=\"widget\" data-widget_type=\"heading.default\">\n\t\t\t\t<div class=\"elementor-widget-container\">\n\t\t\t\t\t<h2 class=\"elementor-heading-title elementor-size-default\">Postitse<\/h2>\t\t\t\t<\/div>\n\t\t\t\t<\/div>\n\t\t\t\t<div class=\"elementor-element elementor-element-2f75786 elementor-widget elementor-widget-text-editor\" data-id=\"2f75786\" data-element_type=\"widget\" data-widget_type=\"text-editor.default\">\n\t\t\t\t<div class=\"elementor-widget-container\">\n\t\t\t\t\t\t\t\t\t<p>Huomioikaa, ett\u00e4 postilokero-osoitteeseen saa l\u00e4hett\u00e4\u00e4 vain laskuja ja sit\u00e4 ei voi k\u00e4ytt\u00e4\u00e4 tavarantoimitukseen tai mainosten l\u00e4hett\u00e4miseen tms.<br \/>PRK-Yhti\u00f6t Oy<br \/>PL 68526<br \/>01051 LASKUT<\/p>\t\t\t\t\t\t\t\t<\/div>\n\t\t\t\t<\/div>\n\t\t\t\t\t<\/div>\n\t\t<\/div>\n\t\t\t\t\t<\/div>\n\t\t<\/section>\n\t\t\t\t\t<\/div>\n\t\t<\/div>\n\t\t\t\t\t<\/div>\n\t\t<\/section>\n\t\t\t\t<\/div>\n\t\t","protected":false},"excerpt":{"rendered":"<p>LASKUTUSTIEDOT Verkkolaskuna Y-tunnus 3180303-3Ostolaskujen vastaanottoVerkkolaskuna 003731803033Verkkolaskujen v\u00e4litt\u00e4j\u00e4 003708599126 (OpenText) Postitse Huomioikaa, ett\u00e4 postilokero-osoitteeseen saa l\u00e4hett\u00e4\u00e4 vain laskuja ja sit\u00e4 ei voi k\u00e4ytt\u00e4\u00e4 tavarantoimitukseen tai mainosten l\u00e4hett\u00e4miseen tms.PRK-Yhti\u00f6t OyPL 6852601051 LASKUT<\/p>\n","protected":false},"author":1,"featured_media":0,"parent":0,"menu_order":0,"comment_status":"closed","ping_status":"closed","template":"elementor_header_footer","meta":{"footnotes":""},"_links":{"self":[{"href":"https:\/\/www.prk-yhtiot.fi\/index.php\/wp-json\/wp\/v2\/pages\/20"}],"collection":[{"href":"https:\/\/www.prk-yhtiot.fi\/index.php\/wp-json\/wp\/v2\/pages"}],"about":[{"href":"https:\/\/www.prk-yhtiot.fi\/index.php\/wp-json\/wp\/v2\/types\/page"}],"author":[{"embeddable":true,"href":"https:\/\/www.prk-yhtiot.fi\/index.php\/wp-json\/wp\/v2\/users\/1"}],"replies":[{"embeddable":true,"href":"https:\/\/www.prk-yhtiot.fi\/index.php\/wp-json\/wp\/v2\/comments?post=20"}],"version-history":[{"count":46,"href":"https:\/\/www.prk-yhtiot.fi\/index.php\/wp-json\/wp\/v2\/pages\/20\/revisions"}],"predecessor-version":[{"id":305,"href":"https:\/\/www.prk-yhtiot.fi\/index.php\/wp-json\/wp\/v2\/pages\/20\/revisions\/305"}],"wp:attachment":[{"href":"https:\/\/www.prk-yhtiot.fi\/index.php\/wp-json\/wp\/v2\/media?parent=20"}],"curies":[{"name":"wp","href":"https:\/\/api.w.org\/{rel}","templated":true}]}}