{"id":316,"date":"2023-09-15T12:50:20","date_gmt":"2023-09-15T10:50:20","guid":{"rendered":"https:\/\/www.prk-yhtiot.fi\/?page_id=316"},"modified":"2024-07-16T09:09:02","modified_gmt":"2024-07-16T07:09:02","slug":"referenssit","status":"publish","type":"page","link":"https:\/\/www.prk-yhtiot.fi\/index.php\/referenssit\/","title":{"rendered":"Referenssit"},"content":{"rendered":"\t\t<div data-elementor-type=\"wp-page\" data-elementor-id=\"316\" class=\"elementor elementor-316\">\n\t\t\t\t\t\t<section class=\"elementor-section elementor-top-section elementor-element elementor-element-41d8935 elementor-section-boxed elementor-section-height-default elementor-section-height-default\" data-id=\"41d8935\" data-element_type=\"section\" data-settings=\"{&quot;background_background&quot;:&quot;classic&quot;}\">\n\t\t\t\t\t\t\t<div class=\"elementor-background-overlay\"><\/div>\n\t\t\t\t\t\t\t<div class=\"elementor-container elementor-column-gap-default\">\n\t\t\t\t\t<div class=\"elementor-column elementor-col-100 elementor-top-column elementor-element elementor-element-57a6988\" data-id=\"57a6988\" data-element_type=\"column\">\n\t\t\t<div class=\"elementor-widget-wrap elementor-element-populated\">\n\t\t\t\t\t\t<div class=\"elementor-element elementor-element-8795992 elementor-widget elementor-widget-heading\" data-id=\"8795992\" data-element_type=\"widget\" data-widget_type=\"heading.default\">\n\t\t\t\t<div class=\"elementor-widget-container\">\n\t\t\t\t\t<h2 class=\"elementor-heading-title elementor-size-default\">REFERENSSIT<\/h2>\t\t\t\t<\/div>\n\t\t\t\t<\/div>\n\t\t\t\t\t<\/div>\n\t\t<\/div>\n\t\t\t\t\t<\/div>\n\t\t<\/section>\n\t\t\t\t<section class=\"elementor-section elementor-top-section elementor-element elementor-element-5f634f7 elementor-section-boxed elementor-section-height-default elementor-section-height-default\" data-id=\"5f634f7\" data-element_type=\"section\">\n\t\t\t\t\t\t<div class=\"elementor-container elementor-column-gap-default\">\n\t\t\t\t\t<div class=\"elementor-column elementor-col-100 elementor-top-column elementor-element elementor-element-8b0a8fd\" data-id=\"8b0a8fd\" data-element_type=\"column\">\n\t\t\t<div class=\"elementor-widget-wrap elementor-element-populated\">\n\t\t\t\t\t\t<section class=\"elementor-section elementor-inner-section elementor-element elementor-element-299c323 elementor-section-boxed elementor-section-height-default elementor-section-height-default\" data-id=\"299c323\" data-element_type=\"section\">\n\t\t\t\t\t\t<div class=\"elementor-container elementor-column-gap-default\">\n\t\t\t\t\t<div class=\"elementor-column elementor-col-100 elementor-inner-column elementor-element elementor-element-8a16183\" data-id=\"8a16183\" data-element_type=\"column\">\n\t\t\t<div class=\"elementor-widget-wrap elementor-element-populated\">\n\t\t\t\t\t\t<div class=\"elementor-element elementor-element-24e2070 elementor-widget elementor-widget-heading\" data-id=\"24e2070\" data-element_type=\"widget\" data-widget_type=\"heading.default\">\n\t\t\t\t<div class=\"elementor-widget-container\">\n\t\t\t\t\t<h2 class=\"elementor-heading-title elementor-size-default\">Referenssit<\/h2>\t\t\t\t<\/div>\n\t\t\t\t<\/div>\n\t\t\t\t<div class=\"elementor-element elementor-element-da96d6e elementor-widget elementor-widget-text-editor\" data-id=\"da96d6e\" data-element_type=\"widget\" data-widget_type=\"text-editor.default\">\n\t\t\t\t<div class=\"elementor-widget-container\">\n\t\t\t\t\t\t\t\t\t<p>-Sorrilan yhten\u00e4iskoulu, Valkeakoski, 2023,&nbsp;<span style=\"font-size: 15px;\">holvien ja pystysaumojen raudoitus, juotos- ja tukety\u00f6t.<\/span><\/p>\n<p><span style=\"font-size: 15px;\">-GO21 toimitilat, Tampere, 2021-2022,&nbsp;<\/span><span style=\"font-size: 15px;\">runkorakenteiden muotti- ja juotosty\u00f6t.<\/span><\/p>\n<p>-Hyvinvointikeskus\/sosiaali- ja terveysasema, Nokia, 2021<\/p>\n<p>-Tays psykiatria T-rakennus, Tampere, 2020-2021<\/p>\t\t\t\t\t\t\t\t<\/div>\n\t\t\t\t<\/div>\n\t\t\t\t<div class=\"elementor-element elementor-element-dbf2e33 elementor-widget elementor-widget-button\" data-id=\"dbf2e33\" data-element_type=\"widget\" data-widget_type=\"button.default\">\n\t\t\t\t<div class=\"elementor-widget-container\">\n\t\t\t\t\t\t\t\t\t<div class=\"elementor-button-wrapper\">\n\t\t\t\t\t<a class=\"elementor-button elementor-button-link elementor-size-sm\" href=\"https:\/\/www.prk-yhtiot.fi\/index.php\/yhteystiedot\/\">\n\t\t\t\t\t\t<span class=\"elementor-button-content-wrapper\">\n\t\t\t\t\t\t\t\t\t<span class=\"elementor-button-text\">Ota yhteytt\u00e4<\/span>\n\t\t\t\t\t<\/span>\n\t\t\t\t\t<\/a>\n\t\t\t\t<\/div>\n\t\t\t\t\t\t\t\t<\/div>\n\t\t\t\t<\/div>\n\t\t\t\t\t<\/div>\n\t\t<\/div>\n\t\t\t\t\t<\/div>\n\t\t<\/section>\n\t\t\t\t\t<\/div>\n\t\t<\/div>\n\t\t\t\t\t<\/div>\n\t\t<\/section>\n\t\t\t\t<\/div>\n\t\t","protected":false},"excerpt":{"rendered":"<p>REFERENSSIT Referenssit -Sorrilan yhten\u00e4iskoulu, Valkeakoski, 2023,&nbsp;holvien ja pystysaumojen raudoitus, juotos- ja tukety\u00f6t. -GO21 toimitilat, Tampere, 2021-2022,&nbsp;runkorakenteiden muotti- ja juotosty\u00f6t. -Hyvinvointikeskus\/sosiaali- ja terveysasema, Nokia, 2021 -Tays psykiatria T-rakennus, Tampere, 2020-2021 Ota yhteytt\u00e4<\/p>\n","protected":false},"author":1,"featured_media":0,"parent":0,"menu_order":0,"comment_status":"closed","ping_status":"closed","template":"elementor_header_footer","meta":{"footnotes":""},"_links":{"self":[{"href":"https:\/\/www.prk-yhtiot.fi\/index.php\/wp-json\/wp\/v2\/pages\/316"}],"collection":[{"href":"https:\/\/www.prk-yhtiot.fi\/index.php\/wp-json\/wp\/v2\/pages"}],"about":[{"href":"https:\/\/www.prk-yhtiot.fi\/index.php\/wp-json\/wp\/v2\/types\/page"}],"author":[{"embeddable":true,"href":"https:\/\/www.prk-yhtiot.fi\/index.php\/wp-json\/wp\/v2\/users\/1"}],"replies":[{"embeddable":true,"href":"https:\/\/www.prk-yhtiot.fi\/index.php\/wp-json\/wp\/v2\/comments?post=316"}],"version-history":[{"count":38,"href":"https:\/\/www.prk-yhtiot.fi\/index.php\/wp-json\/wp\/v2\/pages\/316\/revisions"}],"predecessor-version":[{"id":368,"href":"https:\/\/www.prk-yhtiot.fi\/index.php\/wp-json\/wp\/v2\/pages\/316\/revisions\/368"}],"wp:attachment":[{"href":"https:\/\/www.prk-yhtiot.fi\/index.php\/wp-json\/wp\/v2\/media?parent=316"}],"curies":[{"name":"wp","href":"https:\/\/api.w.org\/{rel}","templated":true}]}}